{"id":1453,"date":"2025-11-04T12:59:46","date_gmt":"2025-11-04T12:59:46","guid":{"rendered":"https:\/\/moroquestadventures.com\/?page_id=1453"},"modified":"2025-11-04T13:07:54","modified_gmt":"2025-11-04T13:07:54","slug":"blog","status":"publish","type":"page","link":"https:\/\/moroquestadventures.com\/fr\/blog\/","title":{"rendered":"Blog"},"content":{"rendered":"<div data-elementor-type=\"wp-page\" data-elementor-id=\"1453\" class=\"elementor elementor-1453\" data-elementor-post-type=\"page\">\n\t\t\t\t<div class=\"elementor-element elementor-element-9fa5164 e-flex e-con-boxed e-con e-parent\" data-id=\"9fa5164\" data-element_type=\"container\">\n\t\t\t\t\t<div class=\"e-con-inner\">\n\t\t\t\t<div class=\"elementor-element elementor-element-0934925 elementor-widget elementor-widget-cz_posts\" data-id=\"0934925\" data-element_type=\"widget\" data-widget_type=\"cz_posts.default\">\n\t\t\t\t<div class=\"elementor-widget-container\">\n\t\t\t\t\t<div class=\"cz_grid_p\"><div class=\"cz_grid cz_grid_1 clr cz_posts_list_1 cz_grid_1_title_sub_after cz_grid_1_has_excerpt cz_grid_1_bot tal\" data-gap=\"56\" data-atts='{\"action\":\"cz_ajax_elementor_posts\",\"post_class\":\"cz_grid_item\",\"post__in\":null,\"author__in\":null,\"nonce\":\"eed0f24029\",\"nonce_id\":\"posts\",\"loadmore_end\":\"Not found more posts\",\"layout\":\"cz_posts_list_1\",\"hover\":\"cz_grid_1_title_sub_after cz_grid_1_has_excerpt\",\"subtitles\":[{\"_id\":\"3fd4e95\",\"t\":\"date\",\"r\":\"\",\"i\":{\"value\":\"\",\"library\":\"\"},\"p\":\"\",\"ct\":null,\"cm\":null,\"tc\":null}],\"subtitle_pos\":\"\",\"icon\":{\"value\":\"fa fa-search\",\"library\":\"solid\"},\"el\":34,\"title_lenght\":\"\",\"cat_tax\":\"category\",\"cat\":\"\",\"cat_exclude\":\"\",\"tag_tax\":\"post_tag\",\"tag_id\":\"\",\"tag_exclude\":\"\",\"post_type\":\"\",\"posts_per_page\":100,\"order\":\"DESC\",\"orderby\":\"date\",\"tilt_data\":null,\"img_fx\":\"\",\"custom_size\":\"\",\"excerpt_rm\":\"yes\",\"s\":\"\"}'><div class=\"cz_grid_item cz_grid_first\"><\/div><div data-id=\"1430\" class=\"cz_grid_item  cz_posts_list_even post-1430 post type-post status-publish format-standard has-post-thumbnail hentry category-uncategorized tag-heritage-fashion tag-moroccan-culture tag-moroccan-fashion tag-moroccan-textiles tag-north-african-attire tag-traditional-clothing\"><div class=\"clr\"><a class=\"cz_grid_link\" href=\"https:\/\/moroquestadventures.com\/fr\/morocco-traditional-wear-discover-the-beauty-of-moroccan\/\" title=\"V\u00eatements traditionnels du Maroc : D\u00e9couvrez la beaut\u00e9 du Maroc\"><img fetchpriority=\"high\" decoding=\"async\" width=\"1344\" height=\"768\" src=\"https:\/\/moroquestadventures.com\/wp-content\/uploads\/2025\/11\/morocco-traditional-wear.jpeg\" class=\"attachment-full size-full wp-image-1432\" alt=\"morocco traditional wear\" srcset=\"https:\/\/moroquestadventures.com\/wp-content\/uploads\/2025\/11\/morocco-traditional-wear.jpeg 1344w, https:\/\/moroquestadventures.com\/wp-content\/uploads\/2025\/11\/morocco-traditional-wear-300x171.jpeg 300w, https:\/\/moroquestadventures.com\/wp-content\/uploads\/2025\/11\/morocco-traditional-wear-1024x585.jpeg 1024w, https:\/\/moroquestadventures.com\/wp-content\/uploads\/2025\/11\/morocco-traditional-wear-768x439.jpeg 768w, https:\/\/moroquestadventures.com\/wp-content\/uploads\/2025\/11\/morocco-traditional-wear-18x10.jpeg 18w\" sizes=\"(max-width: 1344px) 100vw, 1344px\" \/><div class=\"cz_grid_details\"><i class=\"fa fa-search cz_grid_icon\"><\/i><\/div><\/a><div class=\"cz_grid_details cz_grid_details_outside\"><a class=\"cz_grid_title\" href=\"https:\/\/moroquestadventures.com\/fr\/morocco-traditional-wear-discover-the-beauty-of-moroccan\/\"><h3>V\u00eatements traditionnels du Maroc : D\u00e9couvrez la beaut\u00e9 du Maroc<\/h3><\/a><small class=\"clr\"><span class=\"cz_post_data cz_data_date\"><a href=\"https:\/\/moroquestadventures.com\/fr\/morocco-traditional-wear-discover-the-beauty-of-moroccan\/\">4 novembre 2025<\/a><\/span><\/small><div class=\"cz_post_excerpt\">The vibrant culture of Morocco is reflected in its traditional clothing, where every pattern, fabric, and design tells a story of heritage and identity. From the intricate details on a djellaba to the luxurious ...<a class=\"cz_readmore\" href=\"https:\/\/moroquestadventures.com\/fr\/morocco-traditional-wear-discover-the-beauty-of-moroccan\/\"><i class=\"fa fa-angle-right\" aria-hidden=\"true\"><\/i><span>Read More<\/span><\/a><\/div><\/div><\/div><\/div><div data-id=\"1425\" class=\"cz_grid_item  cz_posts_list_odd post-1425 post type-post status-publish format-standard has-post-thumbnail hentry category-uncategorized tag-exotic-getaways-in-2025 tag-luxury-accommodations-in-morocco tag-moroccan-beach-resorts tag-moroccan-spa-retreats tag-morocco-luxury-resorts tag-relaxing-travel-destinations tag-serene-retreats-in-morocco\"><div class=\"clr\"><a class=\"cz_grid_link\" href=\"https:\/\/moroquestadventures.com\/fr\/best-morocco-resorts-for-a-relaxing-getaway-in-2025\/\" title=\"Les meilleures stations baln\u00e9aires du Maroc pour une escapade relaxante en 2025\"><img decoding=\"async\" width=\"1344\" height=\"768\" src=\"https:\/\/moroquestadventures.com\/wp-content\/uploads\/2025\/11\/morocco-resorts.jpeg\" class=\"attachment-full size-full wp-image-1426\" alt=\"morocco resorts\" srcset=\"https:\/\/moroquestadventures.com\/wp-content\/uploads\/2025\/11\/morocco-resorts.jpeg 1344w, https:\/\/moroquestadventures.com\/wp-content\/uploads\/2025\/11\/morocco-resorts-300x171.jpeg 300w, https:\/\/moroquestadventures.com\/wp-content\/uploads\/2025\/11\/morocco-resorts-1024x585.jpeg 1024w, https:\/\/moroquestadventures.com\/wp-content\/uploads\/2025\/11\/morocco-resorts-768x439.jpeg 768w, https:\/\/moroquestadventures.com\/wp-content\/uploads\/2025\/11\/morocco-resorts-18x10.jpeg 18w\" sizes=\"(max-width: 1344px) 100vw, 1344px\" \/><div class=\"cz_grid_details\"><i class=\"fa fa-search cz_grid_icon\"><\/i><\/div><\/a><div class=\"cz_grid_details cz_grid_details_outside\"><a class=\"cz_grid_title\" href=\"https:\/\/moroquestadventures.com\/fr\/best-morocco-resorts-for-a-relaxing-getaway-in-2025\/\"><h3>Les meilleures stations baln\u00e9aires du Maroc pour une escapade relaxante en 2025<\/h3><\/a><small class=\"clr\"><span class=\"cz_post_data cz_data_date\"><a href=\"https:\/\/moroquestadventures.com\/fr\/best-morocco-resorts-for-a-relaxing-getaway-in-2025\/\">4 novembre 2025<\/a><\/span><\/small><div class=\"cz_post_excerpt\">Escape to a world of luxury and tranquility at one of the many luxury resorts in Morocco. Known for its rich culture, stunning landscapes, and warm hospitality, Morocco is an attractive destination for travelers ...<a class=\"cz_readmore\" href=\"https:\/\/moroquestadventures.com\/fr\/best-morocco-resorts-for-a-relaxing-getaway-in-2025\/\"><i class=\"fa fa-angle-right\" aria-hidden=\"true\"><\/i><span>Read More<\/span><\/a><\/div><\/div><\/div><\/div><div data-id=\"1419\" class=\"cz_grid_item  cz_posts_list_even post-1419 post type-post status-publish format-standard has-post-thumbnail hentry category-uncategorized tag-marrakech-tourism tag-moroccan-cities tag-travel-to-morocco\"><div class=\"clr\"><a class=\"cz_grid_link\" href=\"https:\/\/moroquestadventures.com\/fr\/top-10-cities-in-morocco-to-visit-from-marrakech-to-tangier\/\" title=\"Les 10 villes du Maroc \u00e0 visiter - De Marrakech \u00e0 Tanger\"><img decoding=\"async\" width=\"1344\" height=\"768\" src=\"https:\/\/moroquestadventures.com\/wp-content\/uploads\/2025\/11\/cities-in-morocco.jpeg\" class=\"attachment-full size-full wp-image-1421\" alt=\"cities in morocco\" srcset=\"https:\/\/moroquestadventures.com\/wp-content\/uploads\/2025\/11\/cities-in-morocco.jpeg 1344w, https:\/\/moroquestadventures.com\/wp-content\/uploads\/2025\/11\/cities-in-morocco-300x171.jpeg 300w, https:\/\/moroquestadventures.com\/wp-content\/uploads\/2025\/11\/cities-in-morocco-1024x585.jpeg 1024w, https:\/\/moroquestadventures.com\/wp-content\/uploads\/2025\/11\/cities-in-morocco-768x439.jpeg 768w, https:\/\/moroquestadventures.com\/wp-content\/uploads\/2025\/11\/cities-in-morocco-18x10.jpeg 18w\" sizes=\"(max-width: 1344px) 100vw, 1344px\" \/><div class=\"cz_grid_details\"><i class=\"fa fa-search cz_grid_icon\"><\/i><\/div><\/a><div class=\"cz_grid_details cz_grid_details_outside\"><a class=\"cz_grid_title\" href=\"https:\/\/moroquestadventures.com\/fr\/top-10-cities-in-morocco-to-visit-from-marrakech-to-tangier\/\"><h3>Les 10 villes du Maroc \u00e0 visiter - De Marrakech \u00e0 Tanger<\/h3><\/a><small class=\"clr\"><span class=\"cz_post_data cz_data_date\"><a href=\"https:\/\/moroquestadventures.com\/fr\/top-10-cities-in-morocco-to-visit-from-marrakech-to-tangier\/\">4 novembre 2025<\/a><\/span><\/small><div class=\"cz_post_excerpt\">Morocco is a treasure trove of rich history, vibrant culture, and breathtaking landscapes, making it a must-visit destination for travelers. With its unique blend of Arab, Mediterranean, and African influences, this North African ...<a class=\"cz_readmore\" href=\"https:\/\/moroquestadventures.com\/fr\/top-10-cities-in-morocco-to-visit-from-marrakech-to-tangier\/\"><i class=\"fa fa-angle-right\" aria-hidden=\"true\"><\/i><span>Read More<\/span><\/a><\/div><\/div><\/div><\/div><div data-id=\"1414\" class=\"cz_grid_item  cz_posts_list_odd post-1414 post type-post status-publish format-standard has-post-thumbnail hentry category-uncategorized tag-exploring-morocco tag-moroccan-travel-advisory tag-morocco-tourism-updates tag-morocco-travel-restrictions tag-morocco-travel-safety tag-morocco-travel-tips tag-safety-standards-in-morocco tag-travel-safety-precautions tag-traveling-to-morocco-in-2025 tag-visiting-morocco-in-2025\"><div class=\"clr\"><a class=\"cz_grid_link\" href=\"https:\/\/moroquestadventures.com\/fr\/is-it-safe-to-travel-to-morocco-in-2025-what-every-traveler-should\/\" title=\"Peut-on se rendre au Maroc en toute s\u00e9curit\u00e9 en 2025 ? Ce que tout voyageur doit savoir\"><img loading=\"lazy\" decoding=\"async\" width=\"1344\" height=\"768\" src=\"https:\/\/moroquestadventures.com\/wp-content\/uploads\/2025\/11\/is-it-safe-to-travel-to-morocco.jpeg\" class=\"attachment-full size-full wp-image-1415\" alt=\"is it safe to travel to morocco\" srcset=\"https:\/\/moroquestadventures.com\/wp-content\/uploads\/2025\/11\/is-it-safe-to-travel-to-morocco.jpeg 1344w, https:\/\/moroquestadventures.com\/wp-content\/uploads\/2025\/11\/is-it-safe-to-travel-to-morocco-300x171.jpeg 300w, https:\/\/moroquestadventures.com\/wp-content\/uploads\/2025\/11\/is-it-safe-to-travel-to-morocco-1024x585.jpeg 1024w, https:\/\/moroquestadventures.com\/wp-content\/uploads\/2025\/11\/is-it-safe-to-travel-to-morocco-768x439.jpeg 768w, https:\/\/moroquestadventures.com\/wp-content\/uploads\/2025\/11\/is-it-safe-to-travel-to-morocco-18x10.jpeg 18w\" sizes=\"(max-width: 1344px) 100vw, 1344px\" \/><div class=\"cz_grid_details\"><i class=\"fa fa-search cz_grid_icon\"><\/i><\/div><\/a><div class=\"cz_grid_details cz_grid_details_outside\"><a class=\"cz_grid_title\" href=\"https:\/\/moroquestadventures.com\/fr\/is-it-safe-to-travel-to-morocco-in-2025-what-every-traveler-should\/\"><h3>Peut-on se rendre au Maroc en toute s\u00e9curit\u00e9 en 2025 ? Ce que tout voyageur doit savoir<\/h3><\/a><small class=\"clr\"><span class=\"cz_post_data cz_data_date\"><a href=\"https:\/\/moroquestadventures.com\/fr\/is-it-safe-to-travel-to-morocco-in-2025-what-every-traveler-should\/\">4 novembre 2025<\/a><\/span><\/small><div class=\"cz_post_excerpt\">Morocco, a country known for its rich cultural heritage and breathtaking landscapes, is a popular destination for travelers worldwide. As you plan your trip to this beautiful country in 2025, a common question arises ...<a class=\"cz_readmore\" href=\"https:\/\/moroquestadventures.com\/fr\/is-it-safe-to-travel-to-morocco-in-2025-what-every-traveler-should\/\"><i class=\"fa fa-angle-right\" aria-hidden=\"true\"><\/i><span>Read More<\/span><\/a><\/div><\/div><\/div><\/div><div data-id=\"1408\" class=\"cz_grid_item  cz_posts_list_even post-1408 post type-post status-publish format-standard has-post-thumbnail hentry category-uncategorized tag-affordable-morocco-travel tag-flight-deals-to-morocco tag-nyc-to-morocco-flights tag-travel-to-morocco\"><div class=\"clr\"><a class=\"cz_grid_link\" href=\"https:\/\/moroquestadventures.com\/fr\/cheap-flights-to-morocco-find-flight-deals-from-nyc-worldwide\/\" title=\"Cheap Flights to Morocco | Find Flight Deals from NYC &amp; Worldwide\"><img loading=\"lazy\" decoding=\"async\" width=\"1344\" height=\"768\" src=\"https:\/\/moroquestadventures.com\/wp-content\/uploads\/2025\/11\/cheap-flights-to-morocco.jpeg\" class=\"attachment-full size-full wp-image-1409\" alt=\"cheap flights to morocco\" srcset=\"https:\/\/moroquestadventures.com\/wp-content\/uploads\/2025\/11\/cheap-flights-to-morocco.jpeg 1344w, https:\/\/moroquestadventures.com\/wp-content\/uploads\/2025\/11\/cheap-flights-to-morocco-300x171.jpeg 300w, https:\/\/moroquestadventures.com\/wp-content\/uploads\/2025\/11\/cheap-flights-to-morocco-1024x585.jpeg 1024w, https:\/\/moroquestadventures.com\/wp-content\/uploads\/2025\/11\/cheap-flights-to-morocco-768x439.jpeg 768w, https:\/\/moroquestadventures.com\/wp-content\/uploads\/2025\/11\/cheap-flights-to-morocco-18x10.jpeg 18w\" sizes=\"(max-width: 1344px) 100vw, 1344px\" \/><div class=\"cz_grid_details\"><i class=\"fa fa-search cz_grid_icon\"><\/i><\/div><\/a><div class=\"cz_grid_details cz_grid_details_outside\"><a class=\"cz_grid_title\" href=\"https:\/\/moroquestadventures.com\/fr\/cheap-flights-to-morocco-find-flight-deals-from-nyc-worldwide\/\"><h3>Vols bon march\u00e9 \u00e0 destination de Maroc - Trouver des offres de vols \u00e0 partir de New York et partout dans le monde<\/h3><\/a><small class=\"clr\"><span class=\"cz_post_data cz_data_date\"><a href=\"https:\/\/moroquestadventures.com\/fr\/cheap-flights-to-morocco-find-flight-deals-from-nyc-worldwide\/\">4 novembre 2025<\/a><\/span><\/small><div class=\"cz_post_excerpt\">Are you dreaming of exploring the vibrant markets and stunning landscapes of Morocco without breaking the bank? Finding affordable flights is the first step to an unforgettable adventure. Whether you&#8217;re departing from ...<a class=\"cz_readmore\" href=\"https:\/\/moroquestadventures.com\/fr\/cheap-flights-to-morocco-find-flight-deals-from-nyc-worldwide\/\"><i class=\"fa fa-angle-right\" aria-hidden=\"true\"><\/i><span>Read More<\/span><\/a><\/div><\/div><\/div><\/div><div data-id=\"1403\" class=\"cz_grid_item  cz_posts_list_odd post-1403 post type-post status-publish format-standard has-post-thumbnail hentry category-uncategorized tag-american-travelers-in-morocco tag-morocco-safety-tips tag-morocco-travel-safety tag-morocco-vacation-security tag-north-africa-safety tag-travel-precautions-in-morocco tag-us-citizens-in-morocco\"><div class=\"clr\"><a class=\"cz_grid_link\" href=\"https:\/\/moroquestadventures.com\/fr\/is-morocco-safe-for-americans\/\" title=\"is morocco safe for americans\"><img loading=\"lazy\" decoding=\"async\" width=\"1344\" height=\"768\" src=\"https:\/\/moroquestadventures.com\/wp-content\/uploads\/2025\/11\/is-morocco-safe-for-americans.jpeg\" class=\"attachment-full size-full wp-image-1404\" alt=\"is morocco safe for americans\" srcset=\"https:\/\/moroquestadventures.com\/wp-content\/uploads\/2025\/11\/is-morocco-safe-for-americans.jpeg 1344w, https:\/\/moroquestadventures.com\/wp-content\/uploads\/2025\/11\/is-morocco-safe-for-americans-300x171.jpeg 300w, https:\/\/moroquestadventures.com\/wp-content\/uploads\/2025\/11\/is-morocco-safe-for-americans-1024x585.jpeg 1024w, https:\/\/moroquestadventures.com\/wp-content\/uploads\/2025\/11\/is-morocco-safe-for-americans-768x439.jpeg 768w, https:\/\/moroquestadventures.com\/wp-content\/uploads\/2025\/11\/is-morocco-safe-for-americans-18x10.jpeg 18w\" sizes=\"(max-width: 1344px) 100vw, 1344px\" \/><div class=\"cz_grid_details\"><i class=\"fa fa-search cz_grid_icon\"><\/i><\/div><\/a><div class=\"cz_grid_details cz_grid_details_outside\"><a class=\"cz_grid_title\" href=\"https:\/\/moroquestadventures.com\/fr\/is-morocco-safe-for-americans\/\"><h3>is morocco safe for americans<\/h3><\/a><small class=\"clr\"><span class=\"cz_post_data cz_data_date\"><a href=\"https:\/\/moroquestadventures.com\/fr\/is-morocco-safe-for-americans\/\">4 novembre 2025<\/a><\/span><\/small><div class=\"cz_post_excerpt\">Traveling to Morocco can be a thrilling experience for American travelers, with its rich culture, vibrant cities, and stunning landscapes. However, safety concerns often top the list of worries for those planning a trip ...<a class=\"cz_readmore\" href=\"https:\/\/moroquestadventures.com\/fr\/is-morocco-safe-for-americans\/\"><i class=\"fa fa-angle-right\" aria-hidden=\"true\"><\/i><span>Read More<\/span><\/a><\/div><\/div><\/div><\/div><div data-id=\"1398\" class=\"cz_grid_item  cz_posts_list_even post-1398 post type-post status-publish format-standard has-post-thumbnail hentry category-uncategorized tag-atlas-mountains-treks tag-casablanca-holidays tag-cultural-exploration tag-marrakech-excursions tag-morocco-tours tag-north-africa-adventure tag-sahara-desert-trips tag-travel-deals-morocco\"><div class=\"clr\"><a class=\"cz_grid_link\" href=\"https:\/\/moroquestadventures.com\/fr\/morocco-travel-packages\/\" title=\"morocco travel packages\"><img loading=\"lazy\" decoding=\"async\" width=\"1344\" height=\"768\" src=\"https:\/\/moroquestadventures.com\/wp-content\/uploads\/2025\/11\/morocco-travel-packages.jpeg\" class=\"attachment-full size-full wp-image-1399\" alt=\"morocco travel packages\" srcset=\"https:\/\/moroquestadventures.com\/wp-content\/uploads\/2025\/11\/morocco-travel-packages.jpeg 1344w, https:\/\/moroquestadventures.com\/wp-content\/uploads\/2025\/11\/morocco-travel-packages-300x171.jpeg 300w, https:\/\/moroquestadventures.com\/wp-content\/uploads\/2025\/11\/morocco-travel-packages-1024x585.jpeg 1024w, https:\/\/moroquestadventures.com\/wp-content\/uploads\/2025\/11\/morocco-travel-packages-768x439.jpeg 768w, https:\/\/moroquestadventures.com\/wp-content\/uploads\/2025\/11\/morocco-travel-packages-18x10.jpeg 18w\" sizes=\"(max-width: 1344px) 100vw, 1344px\" \/><div class=\"cz_grid_details\"><i class=\"fa fa-search cz_grid_icon\"><\/i><\/div><\/a><div class=\"cz_grid_details cz_grid_details_outside\"><a class=\"cz_grid_title\" href=\"https:\/\/moroquestadventures.com\/fr\/morocco-travel-packages\/\"><h3>morocco travel packages<\/h3><\/a><small class=\"clr\"><span class=\"cz_post_data cz_data_date\"><a href=\"https:\/\/moroquestadventures.com\/fr\/morocco-travel-packages\/\">4 novembre 2025<\/a><\/span><\/small><div class=\"cz_post_excerpt\">Discover the vibrant culture and breathtaking landscapes of Morocco with our expertly curated Morocco Travel Packages. From the bustling streets of Marrakech to the serene dunes of the Sahara Desert, Morocco is a destination ...<a class=\"cz_readmore\" href=\"https:\/\/moroquestadventures.com\/fr\/morocco-travel-packages\/\"><i class=\"fa fa-angle-right\" aria-hidden=\"true\"><\/i><span>Read More<\/span><\/a><\/div><\/div><\/div><\/div><div data-id=\"1393\" class=\"cz_grid_item  cz_posts_list_odd post-1393 post type-post status-publish format-standard has-post-thumbnail hentry category-uncategorized tag-casablanca-airport tag-marrakech-flights tag-morocco-flights tag-morocco-travel tag-north-africa-destinations\"><div class=\"clr\"><a class=\"cz_grid_link\" href=\"https:\/\/moroquestadventures.com\/fr\/flight-to-morocco\/\" title=\"flight to morocco\"><img loading=\"lazy\" decoding=\"async\" width=\"1344\" height=\"768\" src=\"https:\/\/moroquestadventures.com\/wp-content\/uploads\/2025\/11\/flight-to-morocco.jpeg\" class=\"attachment-full size-full wp-image-1394\" alt=\"flight to morocco\" srcset=\"https:\/\/moroquestadventures.com\/wp-content\/uploads\/2025\/11\/flight-to-morocco.jpeg 1344w, https:\/\/moroquestadventures.com\/wp-content\/uploads\/2025\/11\/flight-to-morocco-300x171.jpeg 300w, https:\/\/moroquestadventures.com\/wp-content\/uploads\/2025\/11\/flight-to-morocco-1024x585.jpeg 1024w, https:\/\/moroquestadventures.com\/wp-content\/uploads\/2025\/11\/flight-to-morocco-768x439.jpeg 768w, https:\/\/moroquestadventures.com\/wp-content\/uploads\/2025\/11\/flight-to-morocco-18x10.jpeg 18w\" sizes=\"(max-width: 1344px) 100vw, 1344px\" \/><div class=\"cz_grid_details\"><i class=\"fa fa-search cz_grid_icon\"><\/i><\/div><\/a><div class=\"cz_grid_details cz_grid_details_outside\"><a class=\"cz_grid_title\" href=\"https:\/\/moroquestadventures.com\/fr\/flight-to-morocco\/\"><h3>flight to morocco<\/h3><\/a><small class=\"clr\"><span class=\"cz_post_data cz_data_date\"><a href=\"https:\/\/moroquestadventures.com\/fr\/flight-to-morocco\/\">4 novembre 2025<\/a><\/span><\/small><div class=\"cz_post_excerpt\">Embarking on a journey to Morocco is an exciting adventure, filled with vibrant culture, stunning landscapes, and rich history. As you prepare for your trip, one of the first steps is booking your flight ...<a class=\"cz_readmore\" href=\"https:\/\/moroquestadventures.com\/fr\/flight-to-morocco\/\"><i class=\"fa fa-angle-right\" aria-hidden=\"true\"><\/i><span>Read More<\/span><\/a><\/div><\/div><\/div><\/div><div data-id=\"1388\" class=\"cz_grid_item  cz_posts_list_even post-1388 post type-post status-publish format-standard has-post-thumbnail hentry category-uncategorized tag-casablanca-security tag-crime-rate-morocco tag-marrakech-safety tag-moroccan-travel-tips tag-morocco-safety tag-north-africa-travel tag-safety-tips tag-sahara-desert-safety tag-tourist-safety tag-travel-in-morocco\"><div class=\"clr\"><a class=\"cz_grid_link\" href=\"https:\/\/moroquestadventures.com\/fr\/is-morocco-safe\/\" title=\"is morocco safe\"><img loading=\"lazy\" decoding=\"async\" width=\"1344\" height=\"768\" src=\"https:\/\/moroquestadventures.com\/wp-content\/uploads\/2025\/11\/is-morocco-safe.jpeg\" class=\"attachment-full size-full wp-image-1389\" alt=\"is morocco safe\" srcset=\"https:\/\/moroquestadventures.com\/wp-content\/uploads\/2025\/11\/is-morocco-safe.jpeg 1344w, https:\/\/moroquestadventures.com\/wp-content\/uploads\/2025\/11\/is-morocco-safe-300x171.jpeg 300w, https:\/\/moroquestadventures.com\/wp-content\/uploads\/2025\/11\/is-morocco-safe-1024x585.jpeg 1024w, https:\/\/moroquestadventures.com\/wp-content\/uploads\/2025\/11\/is-morocco-safe-768x439.jpeg 768w, https:\/\/moroquestadventures.com\/wp-content\/uploads\/2025\/11\/is-morocco-safe-18x10.jpeg 18w\" sizes=\"(max-width: 1344px) 100vw, 1344px\" \/><div class=\"cz_grid_details\"><i class=\"fa fa-search cz_grid_icon\"><\/i><\/div><\/a><div class=\"cz_grid_details cz_grid_details_outside\"><a class=\"cz_grid_title\" href=\"https:\/\/moroquestadventures.com\/fr\/is-morocco-safe\/\"><h3>is morocco safe<\/h3><\/a><small class=\"clr\"><span class=\"cz_post_data cz_data_date\"><a href=\"https:\/\/moroquestadventures.com\/fr\/is-morocco-safe\/\">4 novembre 2025<\/a><\/span><\/small><div class=\"cz_post_excerpt\">Traveling to Morocco can be a thrilling experience, with its rich culture, vibrant cities, and stunning landscapes. However, one of the primary concerns for potential visitors is Morocco travel safety. Understanding the safety situation ...<a class=\"cz_readmore\" href=\"https:\/\/moroquestadventures.com\/fr\/is-morocco-safe\/\"><i class=\"fa fa-angle-right\" aria-hidden=\"true\"><\/i><span>Read More<\/span><\/a><\/div><\/div><\/div><\/div><\/div><div class=\"cz_ajax_pagination clr cz_ajax_loadmore tac\"><a href=\"#\">Load More<\/a><\/div><\/div>\t\t\t\t<\/div>\n\t\t\t\t<\/div>\n\t\t\t\t\t<\/div>\n\t\t\t\t<\/div>\n\t\t\t\t<\/div>","protected":false},"excerpt":{"rendered":"<p>Morocco Traditional Wear: Discover the Beauty of Moroccan November 4, 2025The vibrant culture of Morocco is reflected in its traditional clothing, where every pattern, fabric, and design tells a story of heritage and identity. From the intricate details on a djellaba to the luxurious &#8230;Read More Best Morocco Resorts for a Relaxing Getaway in 2025 November 4, 2025Escape to a world of luxury and tranquility at one of the many luxury resorts in Morocco. Known for its rich culture, stunning landscapes, and warm hospitality, Morocco is an attractive destination for travelers &#8230;Read More Top 10 Cities in Morocco to &#8230; <a class=\"cz_readmore\" href=\"https:\/\/moroquestadventures.com\/fr\/is-morocco-safe\/\"><i class=\"fa fa-angle-right\" aria-hidden=\"true\"><\/i><span>Read More<\/span><\/a><\/p>","protected":false},"author":1,"featured_media":0,"parent":0,"menu_order":0,"comment_status":"closed","ping_status":"closed","template":"elementor_header_footer","meta":{"footnotes":""},"class_list":["post-1453","page","type-page","status-publish","hentry"],"_hostinger_reach_plugin_has_subscription_block":false,"_hostinger_reach_plugin_is_elementor":false,"_links":{"self":[{"href":"https:\/\/moroquestadventures.com\/fr\/wp-json\/wp\/v2\/pages\/1453","targetHints":{"allow":["GET"]}}],"collection":[{"href":"https:\/\/moroquestadventures.com\/fr\/wp-json\/wp\/v2\/pages"}],"about":[{"href":"https:\/\/moroquestadventures.com\/fr\/wp-json\/wp\/v2\/types\/page"}],"author":[{"embeddable":true,"href":"https:\/\/moroquestadventures.com\/fr\/wp-json\/wp\/v2\/users\/1"}],"replies":[{"embeddable":true,"href":"https:\/\/moroquestadventures.com\/fr\/wp-json\/wp\/v2\/comments?post=1453"}],"version-history":[{"count":13,"href":"https:\/\/moroquestadventures.com\/fr\/wp-json\/wp\/v2\/pages\/1453\/revisions"}],"predecessor-version":[{"id":1468,"href":"https:\/\/moroquestadventures.com\/fr\/wp-json\/wp\/v2\/pages\/1453\/revisions\/1468"}],"wp:attachment":[{"href":"https:\/\/moroquestadventures.com\/fr\/wp-json\/wp\/v2\/media?parent=1453"}],"curies":[{"name":"wp","href":"https:\/\/api.w.org\/{rel}","templated":true}]}}